{"id":17,"date":"2022-05-12T15:29:24","date_gmt":"2022-05-12T15:29:24","guid":{"rendered":"https:\/\/demo.creativethemes.com\/blocksy\/bizconsult\/?page_id=17"},"modified":"2024-11-22T18:13:27","modified_gmt":"2024-11-22T10:13:27","slug":"contact-us","status":"publish","type":"page","link":"https:\/\/www.durabondcoltd.com\/vi\/contact-us\/","title":{"rendered":"Li\u00ean h\u1ec7 ch\u00fang t\u00f4i"},"content":{"rendered":"<h3 class=\"wp-block-heading\">\u0110\u1ecba \u0111i\u1ec3m v\u0103n ph\u00f2ng v\u00e0 ph\u01b0\u01a1ng th\u1ee9c li\u00ean l\u1ea1c c\u1ee7a c\u00f4ng ty<\/h3>\n\n\n\n<p><strong>1. H\u1ed3 Ch\u00ed Minh, Vi\u1ec7t Nam \uff1aVIEN DAT TRADING ONE MEMBER COMPANY LIMITED<\/strong><br>So 5\/28 KP Binh Duc 2, P. Binh Hoa, TX. Thuan An, T. Binh Duong Vietnam<br>Tel: +84 2743799828<br>Fax:+84 2743799827<br>Email: oil@durabondcoltd.com<\/p>\n\n\n\n<p><strong>2. Singapore\uff1aDURABOND INTERNATIONAL COMPANY LIMITED<\/strong><br>10 Whampoa East ,#23-31 .Eight Riversuites,Singapore 338521<br>Tel: +65 89036772<br>Email: jadedai@durabondcoltd.com<\/p>\n\n\n\n<p><strong>3.\u4e2d\u56fd\u5e7f\u5dde\uff1a\u675c\u4e50\u90a6\u8d38\u6613\u6709\u9650\u516c\u53f8<\/strong><br>\u4f5b\u5c71\u5e02\u987a\u5fb7\u533a\u5317\u6ed8\u9547<br>Tel: +86 13982409713<br>Email: jadedai@durabondcoltd.com<\/p>\n\n\n\n<p><strong>4.\u82f1\u570b<\/strong><br>Durabond Industries Co. Ltd<br>20-22 Wenlock Road, London, N1 7GU<br>Tel:0044-207 660 0980<br>Email: Chunna@durabondcoltd.com<\/p>","protected":false},"excerpt":{"rendered":"<p>\u516c\u53f8\u5206\u652f\u8fa6\u516c\u8655\u7684\u5730\u9ede\u53ca\u806f\u7e6b\u65b9\u5f0f \uff11. \u8d8a\u5357\u80e1\u5fd7\u660e: VIEN DAT TRADING ONE MEMBER COMPANY LIMITEDSo 5\/28 KP Binh Duc 2, P. Binh \u2026<\/p>","protected":false},"author":1,"featured_media":0,"parent":0,"menu_order":0,"comment_status":"closed","ping_status":"closed","template":"","meta":{"footnotes":""},"class_list":["post-17","page","type-page","status-publish","hentry"],"blocksy_meta":{"styles_descriptor":{"styles":{"desktop":"[data-prefix=\"single_page\"] .entry-header .page-title {--fontSize:30px;} [data-prefix=\"single_page\"] .entry-header .entry-meta {--fontWeight:600;--textTransform:uppercase;--fontSize:12px;--lineHeight:1.3;} [data-prefix=\"single_page\"] .hero-section[data-type=\"type-2\"] {background-color:var(--paletteColor6);background-image:none;--container-padding:50px 0;}","tablet":"","mobile":""},"google_fonts":[],"version":5},"page_title_panel":"","has_hero_section":"enabled","e37fe3d1f2b8ef45954126c9dc201379":"","hero_section":"type-2","hero_elements":[{"id":"custom_title","enabled":true,"heading_tag":"h1","title":"Home"},{"id":"custom_description","enabled":true,"description_visibility":{"desktop":true,"tablet":true,"mobile":false}},{"id":"custom_meta","enabled":false,"meta_elements":[{"id":"author","enabled":true,"label":"By","has_author_avatar":"yes","avatar_size":25},{"id":"post_date","enabled":true,"label":"On","date_format_source":"default","date_format":"M j, Y"},{"id":"updated_date","enabled":false,"label":"On","date_format_source":"default","date_format":"M j, Y"},{"id":"categories","enabled":false,"label":"In","style":"simple"},{"id":"comments","enabled":true}],"page_meta_elements":{"joined":true,"articles_count":true,"comments":true}},{"id":"breadcrumbs","enabled":false}],"4d051528ea1bbd628d4f05c433b89674":"","hero_alignment1":"CT_CSS_SKIP_RULE","hero_margin":40,"hero_alignment2":"center","hero_vertical_alignment":"center","4882edb7f6bbee10edc1739cb807b323":"","hero_structure":"narrow","5d8c77385b1854b9aaf8712d83d1dfcd":"","page_title_bg_type":"featured_image","custom_hero_background":{"attachment_id":null},"page_title_image_size":"full","parallax":{"desktop":false,"tablet":false,"mobile":false},"33e6d4720aa5a5ddfc8c1111ca11b66c":"","hero_height":"250px","pageTitleFont":{"family":"Default","variation":"Default","size":"30px","line-height":"CT_CSS_SKIP_RULE","letter-spacing":"CT_CSS_SKIP_RULE","text-transform":"CT_CSS_SKIP_RULE","text-decoration":"CT_CSS_SKIP_RULE"},"pageTitleFontColor":{"default":{"color":"CT_CSS_SKIP_RULEDEFAULT"}},"pageMetaFont":{"family":"Default","variation":"n6","size":"12px","line-height":"1.3","letter-spacing":"CT_CSS_SKIP_RULE","text-transform":"uppercase","text-decoration":"CT_CSS_SKIP_RULE"},"pageMetaFontColor":{"default":{"color":"CT_CSS_SKIP_RULEDEFAULT"},"hover":{"color":"CT_CSS_SKIP_RULEDEFAULT"}},"page_meta_button_type_font_colors":{"default":{"color":"CT_CSS_SKIP_RULEDEFAULT"},"hover":{"color":"CT_CSS_SKIP_RULEDEFAULT"}},"page_meta_button_type_background_colors":{"default":{"color":"CT_CSS_SKIP_RULEDEFAULT"},"hover":{"color":"CT_CSS_SKIP_RULEDEFAULT"}},"pageExcerptFont":{"family":"Default","variation":"Default","size":"CT_CSS_SKIP_RULE","line-height":"CT_CSS_SKIP_RULE","letter-spacing":"CT_CSS_SKIP_RULE","text-transform":"CT_CSS_SKIP_RULE","text-decoration":"CT_CSS_SKIP_RULE"},"pageExcerptColor":{"default":{"color":"CT_CSS_SKIP_RULEDEFAULT"}},"breadcrumbsFont":{"family":"Default","variation":"Default","size":"CT_CSS_SKIP_RULE","line-height":"CT_CSS_SKIP_RULE","letter-spacing":"CT_CSS_SKIP_RULE","text-transform":"CT_CSS_SKIP_RULE","text-decoration":"CT_CSS_SKIP_RULE"},"breadcrumbsFontColor":{"default":{"color":"CT_CSS_SKIP_RULEDEFAULT"},"initial":{"color":"CT_CSS_SKIP_RULEDEFAULT"},"hover":{"color":"CT_CSS_SKIP_RULEDEFAULT"}},"pageTitleOverlay":{"background_type":"color","background_pattern":"type-1","background_image":{"attachment_id":null,"x":0,"y":0},"gradient":"linear-gradient(135deg,rgba(6,147,227,1) 0%,rgb(155,81,224) 100%)","background_repeat":"repeat","background_size":"auto","background_attachment":"scroll","patternColor":{"default":{"color":"#e5e7ea"}},"overlayColor":{"default":{"color":"CT_CSS_SKIP_RULE"}},"backgroundColor":{"default":{"color":"CT_CSS_SKIP_RULE"}}},"pageTitleBackground":{"background_type":"color","background_pattern":"type-1","background_image":{"attachment_id":null,"x":0,"y":0},"gradient":"linear-gradient(135deg,rgba(6,147,227,1) 0%,rgb(155,81,224) 100%)","background_repeat":"repeat","background_size":"auto","background_attachment":"scroll","patternColor":{"default":{"color":"#e5e7ea"}},"overlayColor":{"default":{"color":"CT_CSS_SKIP_RULE"}},"backgroundColor":{"default":{"color":"var(--paletteColor6)"}}},"pageTitlePadding":{"top":"50px","bottom":"50px","left":"auto","right":"auto","linked":true},"38b08d26eedebe0c0ad9780d043af081":"","page_structure_type":"type-3","22f4e2247730630ddcf1d2b736dbc81d":"","content_style_source":"inherit","content_style":"wide","vertical_spacing_source":"inherit","content_area_spacing":"both","background":{"background_type":"color","background_pattern":"type-1","background_image":{"attachment_id":null,"x":0,"y":0},"gradient":"linear-gradient(135deg,rgba(6,147,227,1) 0%,rgb(155,81,224) 100%)","background_repeat":"repeat","background_size":"auto","background_attachment":"scroll","patternColor":{"default":{"color":"#e5e7ea"}},"overlayColor":{"default":{"color":"CT_CSS_SKIP_RULE"}},"backgroundColor":{"default":{"color":"CT_CSS_SKIP_RULE"}}},"content_background":{"background_type":"color","background_pattern":"type-1","background_image":{"attachment_id":null,"x":0,"y":0},"gradient":"linear-gradient(135deg,rgba(6,147,227,1) 0%,rgb(155,81,224) 100%)","background_repeat":"repeat","background_size":"auto","background_attachment":"scroll","patternColor":{"default":{"color":"#e5e7ea"}},"overlayColor":{"default":{"color":"CT_CSS_SKIP_RULE"}},"backgroundColor":{"default":{"color":"var(--paletteColor8)"}}},"content_boxed_shadow":{"inherit":false,"blur":18,"spread":-6,"v_offset":12,"h_offset":0,"inset":false,"enable":true,"color":{"color":"rgba(34, 56, 101, 0.04)"}},"content_boxed_border":{"width":1,"style":"none","color":{"color":"rgba(44,62,80,0.2)"}},"content_boxed_radius":{"top":"3px","bottom":"3px","left":"3px","right":"3px","linked":true},"boxed_content_spacing":{"desktop":{"top":"40px","bottom":"40px","left":"40px","right":"40px","linked":true},"tablet":{"top":"35px","bottom":"35px","left":"35px","right":"35px","linked":true},"mobile":{"top":"20px","bottom":"20px","left":"20px","right":"20px","linked":true}},"187cc48ed5f490ee352644d154bc3cd0":"","disable_featured_image":"no","disable_share_box":"no","disable_header":"no","disable_footer":"no","e925f1eca3caf94a8ae5a2369ae813fa":"","37970ec2a14dbe9dbd1e1f33c3176e29":"","d444b6fd918c5dd498e0cb0cb202de33":"","b980b92021dffda7d8d027e27aeea268":"","d9cbfbcb910a11b2fb1e6e0904583a8e":"","a23c9c8fbca22419641ec41ecdc6a9a4":"","f401344759cb41c80d8a6147a935cb23":"","36419bcdd485c9cb75b1aa295c15813a":"","63d5aa1852d82a6e3bf1b4f7f9fc2fab":"","26f4511715f95613062ffe82d6995daf":"","cba92d1c6c53dbac211fc397a56e26d5":"","f734bddff1d5bb3e3d7fa13c77fd79d0":"","f1edcf64ac96ee33d2380f20a47697ab":"","b4127d23412d257386fe469196e7d718":"","1671374b0f8b23bda3c01ce868d900ad":"","1f804aa5f2c3c5c44fa058c2b63f984d":""},"_links":{"self":[{"href":"https:\/\/www.durabondcoltd.com\/vi\/wp-json\/wp\/v2\/pages\/17","targetHints":{"allow":["GET"]}}],"collection":[{"href":"https:\/\/www.durabondcoltd.com\/vi\/wp-json\/wp\/v2\/pages"}],"about":[{"href":"https:\/\/www.durabondcoltd.com\/vi\/wp-json\/wp\/v2\/types\/page"}],"author":[{"embeddable":true,"href":"https:\/\/www.durabondcoltd.com\/vi\/wp-json\/wp\/v2\/users\/1"}],"replies":[{"embeddable":true,"href":"https:\/\/www.durabondcoltd.com\/vi\/wp-json\/wp\/v2\/comments?post=17"}],"version-history":[{"count":10,"href":"https:\/\/www.durabondcoltd.com\/vi\/wp-json\/wp\/v2\/pages\/17\/revisions"}],"predecessor-version":[{"id":1431,"href":"https:\/\/www.durabondcoltd.com\/vi\/wp-json\/wp\/v2\/pages\/17\/revisions\/1431"}],"wp:attachment":[{"href":"https:\/\/www.durabondcoltd.com\/vi\/wp-json\/wp\/v2\/media?parent=17"}],"curies":[{"name":"wp","href":"https:\/\/api.w.org\/{rel}","templated":true}]}}