{"id":1318,"date":"2022-10-20T13:20:19","date_gmt":"2022-10-20T05:20:19","guid":{"rendered":"https:\/\/www.durabondcoltd.com\/?page_id=1318"},"modified":"2023-12-01T09:43:06","modified_gmt":"2023-12-01T01:43:06","slug":"%e5%8f%af%e6%8c%81%e7%bb%ad%e6%80%a7%e5%8f%91%e5%b1%95-sustainability-development","status":"publish","type":"page","link":"https:\/\/www.durabondcoltd.com\/vi\/%e5%8f%af%e6%8c%81%e7%bb%ad%e6%80%a7%e5%8f%91%e5%b1%95-sustainability-development\/","title":{"rendered":"Sustainability &#038; Development"},"content":{"rendered":"<p>Durabond ch\u00fa \u00fd \u0111\u1ebfn c\u00e1c quy t\u1eafc c\u00f4ng nghi\u1ec7p \u0111\u01b0\u1ee3c thi\u1ebft l\u1eadp b\u1edfi c\u00e1c t\u1ed5 ch\u1ee9c m\u00f4i tr\u01b0\u1eddng kh\u00e1c nhau tr\u00ean th\u1ebf gi\u1edbi\uff0cth\u00f4ng qua cung c\u1ea5p ch\u1ea5t b\u00f4i tr\u01a1n ch\u1ea5t l\u01b0\u1ee3ng cao v\u1edbi th\u1eddi gian b\u00f4i tr\u01a1n d\u00e0i, li\u1ec1u l\u01b0\u1ee3ng th\u1ea5p v\u00e0 b\u1ea3o tr\u00ec d\u1ec5 d\u00e0ng, \u0111\u1ed3ng th\u1eddi mang l\u1ea1i hi\u1ec7u su\u1ea5t s\u1ea3n xu\u1ea5t cao cho kh\u00e1ch h\u00e0ng, \u0111\u00f3ng g\u00f3p cho b\u1ea3o v\u1ec7 m\u00f4i tr\u01b0\u1eddng, t\u1eeb \u0111\u00f3 th\u1ef1c hi\u1ec7n ph\u00e1t tri\u1ec3n b\u1ec1n v\u1eefng c\u00f4ng nghi\u1ec7p.<\/p>\n\n\n\n<figure class=\"wp-block-image aligncenter size-full\" id=\"reach\"><img loading=\"lazy\" decoding=\"async\" width=\"312\" height=\"364\" src=\"https:\/\/www.durabondcoltd.com\/wp-content\/uploads\/2022\/10\/reach.png\" alt=\"\" class=\"wp-image-1264\" srcset=\"https:\/\/www.durabondcoltd.com\/wp-content\/uploads\/2022\/10\/reach.png 312w, https:\/\/www.durabondcoltd.com\/wp-content\/uploads\/2022\/10\/reach-257x300.png 257w, https:\/\/www.durabondcoltd.com\/wp-content\/uploads\/2022\/10\/reach-10x12.png 10w\" sizes=\"auto, (max-width: 312px) 100vw, 312px\" \/><\/figure>\n\n\n\n<h3 class=\"wp-block-heading\">REACH and Standardization<\/h3>\n\n\n\n<p>REACH \u0111\u1ea1i di\u1ec7n cho vi\u1ec7c \u0111\u0103ng k\u00fd, \u0111\u00e1nh gi\u00e1 v\u00e0 \u1ee7y quy\u1ec1n c\u1ee7a h\u00f3a ch\u1ea5t. \u0110\u00e2y l\u00e0 m\u1ed9t quy \u0111\u1ecbnh c\u1ee7a EU \u0111\u01b0\u1ee3c thi\u1ebft k\u1ebf \u0111\u1ec3 t\u0103ng c\u01b0\u1eddng nh\u1eadn th\u1ee9c v\u1ec1 c\u00e1c m\u1ed1i nguy hi\u1ec3m v\u00e0 r\u1ee7i ro c\u1ee7a c\u00e1c ch\u1ea5t h\u00f3a h\u1ecdc.<br>V\u1edbi t\u01b0 c\u00e1ch l\u00e0 m\u1ed9t nh\u00e0 s\u1ea3n xu\u1ea5t ch\u1ea5t b\u00f4i tr\u01a1n v\u00e0 m\u1ed9t nh\u00e0 kinh doanh, ch\u00fang t\u00f4i \u0111\u00e1nh gi\u00e1 cao t\u1ea7m quan tr\u1ecdng c\u1ee7a vi\u1ec7c s\u1eed d\u1ee5ng c\u00e1c h\u00f3a ch\u1ea5t cho s\u1ee9c kh\u1ecfe v\u00e0 an to\u00e0n, v\u00e0 c\u00e1c nh\u00e0 cung c\u1ea5p c\u1ee7a ch\u00fang t\u00f4i v\u00e0 c\u00e1c nh\u00e0 cung c\u1ea5p \u0111ang ho\u1ea1t \u0111\u1ed9ng trong vi\u1ec7c th\u1ef1c hi\u1ec7n c\u00e1c ti\u00eau chu\u1ea9n REACH.<\/p>\n\n\n\n<figure class=\"wp-block-image aligncenter size-full\" id=\"Ecolabel\"><img loading=\"lazy\" decoding=\"async\" width=\"352\" height=\"352\" src=\"https:\/\/www.durabondcoltd.com\/wp-content\/uploads\/2022\/10\/eco.png\" alt=\"\" class=\"wp-image-1263\" srcset=\"https:\/\/www.durabondcoltd.com\/wp-content\/uploads\/2022\/10\/eco.png 352w, https:\/\/www.durabondcoltd.com\/wp-content\/uploads\/2022\/10\/eco-300x300.png 300w, https:\/\/www.durabondcoltd.com\/wp-content\/uploads\/2022\/10\/eco-150x150.png 150w, https:\/\/www.durabondcoltd.com\/wp-content\/uploads\/2022\/10\/eco-12x12.png 12w\" sizes=\"auto, (max-width: 352px) 100vw, 352px\" \/><\/figure>\n\n\n\n<h3 class=\"wp-block-heading\">Ecolabel<\/h3>\n\n\n\n<p>Nh\u00e3n sinh th\u00e1i EU \u0111\u01b0\u1ee3c th\u00e0nh l\u1eadp v\u00e0o n\u0103m 1992 v\u00e0 \u0111\u01b0\u1ee3c c\u00f4ng nh\u1eadn \u1edf ch\u00e2u \u00c2u v\u00e0 tr\u00ean th\u1ebf gi\u1edbi. \u0110\u00e2y l\u00e0 nh\u00e3n hi\u1ec7u \u201cm\u00f4i tr\u01b0\u1eddng \u01b0u vi\u1ec7t\u201d cung c\u1ea5p c\u00e1c s\u1ea3n ph\u1ea9m v\u00e0 d\u1ecbch v\u1ee5 \u0111\u00e1p \u1ee9ng c\u00e1c ti\u00eau chu\u1ea9n m\u00f4i tr\u01b0\u1eddng cao trong su\u1ed1t chu k\u1ef3 s\u1ea3n ph\u1ea9m. Nh\u00e3n sinh th\u00e1i EU khuy\u1ebfn kh\u00edch c\u00e1c nh\u00e0 s\u1ea3n xu\u1ea5t gi\u1ea3m ch\u1ea5t th\u1ea3i v\u00e0 carbon dioxide trong qu\u00e1 tr\u00ecnh s\u1ea3n xu\u1ea5t, t\u1eeb \u0111\u00f3 th\u00fac \u0111\u1ea9y n\u1ec1n kinh t\u1ebf tu\u1ea7n ho\u00e0n. N\u00f3 c\u0169ng khuy\u1ebfn kh\u00edch c\u00e1c c\u00f4ng ty ph\u00e1t tri\u1ec3n c\u00e1c s\u1ea3n ph\u1ea9m b\u1ec1n, d\u1ec5 s\u1eeda ch\u1eefa v\u00e0 t\u00e1i ch\u1ebf. T\u1ea1i Durabond, ch\u00fang t\u00f4i quan t\u00e2m \u0111\u1ebfn t\u01b0\u01a1ng lai c\u1ee7a m\u00f4i tr\u01b0\u1eddng v\u00e0 x\u00e3 h\u1ed9i. Ch\u00fang t\u00f4i c\u1ed1 g\u1eafng mang ng\u00e0y c\u00e0ng nhi\u1ec1u s\u1ea3n ph\u1ea9m \u0111\u00e1p \u1ee9ng ti\u00eau chu\u1ea9n cao n\u00e0y ra th\u1ecb tr\u01b0\u1eddng.<\/p>\n\n\n\n<figure class=\"wp-block-image aligncenter size-full\" id=\"NSF\"><img loading=\"lazy\" decoding=\"async\" width=\"285\" height=\"287\" src=\"https:\/\/www.durabondcoltd.com\/wp-content\/uploads\/2022\/10\/Nsf.png\" alt=\"\" class=\"wp-image-1267\" srcset=\"https:\/\/www.durabondcoltd.com\/wp-content\/uploads\/2022\/10\/Nsf.png 285w, https:\/\/www.durabondcoltd.com\/wp-content\/uploads\/2022\/10\/Nsf-150x150.png 150w, https:\/\/www.durabondcoltd.com\/wp-content\/uploads\/2022\/10\/Nsf-12x12.png 12w\" sizes=\"auto, (max-width: 285px) 100vw, 285px\" \/><\/figure>\n\n\n\n<h3 class=\"wp-block-heading\">NSF<\/h3>\n\n\n\n<p>NSF International l\u00e0 m\u1ed9t Qu\u1ef9 Y t\u1ebf Qu\u1ed1c gia tr\u01b0\u1edbc \u0111\u00e2y. N\u00f3 tu\u00e2n theo quy tr\u00ecnh ph\u00e1t tri\u1ec3n ti\u00eau chu\u1ea9n c\u1ee7a Vi\u1ec7n Ti\u00eau chu\u1ea9n Qu\u1ed1c gia Hoa K\u1ef3 (ANSI). M\u1ed9t t\u1ed5 ch\u1ee9c phi l\u1ee3i nhu\u1eadn cung c\u1ea5p c\u00e1c gi\u1ea3i ph\u00e1p qu\u1ea3n l\u00fd r\u1ee7i ro an to\u00e0n v\u00e0 s\u1ee9c kh\u1ecfe c\u1ed9ng \u0111\u1ed3ng. Trong s\u1ed1 c\u00e1c gi\u1ea3i ph\u00e1p n\u00e0y, NSF International cung c\u1ea5p ph\u00e1t tri\u1ec3n ti\u00eau chu\u1ea9n v\u00e0 ch\u1ee9ng nh\u1eadn s\u1ea3n ph\u1ea9m.<br>\u1ede Durabond, ch\u00fang t\u00f4i nh\u1eadn ra ch\u1ea5t b\u00f4i tr\u01a1n c\u00f3 th\u1ec3 v\u00f4 t\u00ecnh ti\u1ebfp x\u00fac v\u1edbi th\u1ee9c \u0103n trong qu\u00e1 tr\u00ecnh s\u1ea3n xu\u1ea5t. Ch\u00fang t\u00f4i cung c\u1ea5p m\u1ed9t m\u1ee9c \u0111\u1ed9 \u0111\u1eb7c bi\u1ec7t \u0111\u01b0\u1ee3c ch\u1ea5p thu\u1eadn b\u1edfi FDA -- ch\u1ea5t b\u00f4i tr\u01a1n li\u00ean quan \u0111\u1ebfn th\u1ef1c ph\u1ea9m t\u00ecnh c\u1edd v\u00e0\/ho\u1eb7c NSF \u0111\u01b0\u1ee3c \u0111\u0103ng k\u00fd nh\u01b0 th\u00e0nh ph\u1ea7n c\u1ee7a ch\u1ea5t b\u00f4i tr\u01a1n hx-1 \u0111\u01b0\u1ee3c d\u00f9ng \u0111\u1ec3 ti\u1ebfp x\u00fac v\u1edbi th\u1ef1c ph\u1ea9m t\u00ecnh c\u1edd. Durabond cung c\u1ea5p m\u1ed9t lo\u1ea1t s\u1ea3n ph\u1ea9m \u0111\u01b0\u1ee3c ch\u1ee9ng nh\u1eadn b\u1edfi NSF, c\u00f3 \u0111\u1ed9 \u1ed5n \u0111\u1ecbnh oxy h\u00f3a tuy\u1ec7t v\u1eddi, th\u00edch h\u1ee3p cho c\u00e1c \u1ee9ng d\u1ee5ng nhi\u1ec7t \u0111\u1ed9 cao.<\/p>","protected":false},"excerpt":{"rendered":"<p>Durabond\u5173\u6ce8\u4e16\u754c\u5404\u73af\u4fdd\u7ec4\u7ec7\u5236\u5b9a\u7684\u884c\u4e1a\u89c4\u5219\uff0c\u901a\u8fc7\u63d0\u4f9b\u6da6\u6ed1\u671f\u957f\uff0c\u7528\u91cf\u5c11\uff0c\u7ef4\u62a4\u7b80\u4fbf\u7684\u9ad8\u54c1\u8d28\u6da6\u6ed1\u6cb9\uff0c\u00a0\u5728\u4e3a\u5ba2\u6237\u63d0\u9ad8\u751f\u4ea7\u6548\u7387\u7684\u540c\u65f6\uff0c\u4e3a\u73af\u5883\u4fdd\u62a4\u505a\u51fa\u6211\u4eec\u7684\u8d21\u732e\uff0c\u4ece\u800c\u5b9e\u73b0\u5de5\u4e1a\u7684\u53ef\u6301\u7eed\u53d1\u5c55\u3002 REACH an\u2026<\/p>","protected":false},"author":1,"featured_media":0,"parent":0,"menu_order":0,"comment_status":"closed","ping_status":"closed","template":"","meta":{"footnotes":""},"class_list":["post-1318","page","type-page","status-publish","hentry"],"blocksy_meta":{"page_title_panel":"","has_hero_section":"default","c145fc9d025cd7a579d5b9b05703e48a":"","hero_section":"type-1","hero_elements":[{"id":"custom_title","enabled":true,"heading_tag":"h1","title":"\u9996\u9875"},{"id":"custom_description","enabled":true,"description_visibility":{"desktop":true,"tablet":true,"mobile":false}},{"id":"custom_meta","enabled":false,"meta_elements":[{"id":"author","enabled":true,"label":"\u6765\u81ea","has_author_avatar":"yes","avatar_size":25},{"id":"post_date","enabled":true,"label":"\u5728","date_format_source":"default","date_format":"M j, Y"},{"id":"updated_date","enabled":false,"label":"\u5728","date_format_source":"default","date_format":"M j, Y"},{"id":"categories","enabled":false,"label":"\u5728","style":"simple"},{"id":"comments","enabled":true}],"page_meta_elements":{"joined":true,"articles_count":true,"comments":true}},{"id":"breadcrumbs","enabled":false}],"2025be202dfa02dd0bd88ff1800be205":"","hero_alignment1":"CT_CSS_SKIP_RULE","hero_margin":40,"hero_alignment2":"center","hero_vertical_alignment":"center","22f3e7c260fa855a1adab2b2616f311b":"","hero_structure":"narrow","402c159ac46cc2e7111fbe3e072524be":"","page_title_bg_type":"featured_image","custom_hero_background":{"attachment_id":null},"page_title_image_size":"full","parallax":{"desktop":false,"tablet":false,"mobile":false},"712fef4430577fd1e9f4d550c9313313":"","hero_height":"250px","pageTitleFont":{"family":"Default","variation":"Default","size":"30px","line-height":"CT_CSS_SKIP_RULE","letter-spacing":"CT_CSS_SKIP_RULE","text-transform":"CT_CSS_SKIP_RULE","text-decoration":"CT_CSS_SKIP_RULE"},"pageTitleFontColor":{"default":{"color":"CT_CSS_SKIP_RULEDEFAULT"}},"pageMetaFont":{"family":"Default","variation":"n6","size":"12px","line-height":"1.3","letter-spacing":"CT_CSS_SKIP_RULE","text-transform":"uppercase","text-decoration":"CT_CSS_SKIP_RULE"},"pageMetaFontColor":{"default":{"color":"CT_CSS_SKIP_RULEDEFAULT"},"hover":{"color":"CT_CSS_SKIP_RULEDEFAULT"}},"page_meta_button_type_font_colors":{"default":{"color":"CT_CSS_SKIP_RULEDEFAULT"},"hover":{"color":"CT_CSS_SKIP_RULEDEFAULT"}},"page_meta_button_type_background_colors":{"default":{"color":"CT_CSS_SKIP_RULEDEFAULT"},"hover":{"color":"CT_CSS_SKIP_RULEDEFAULT"}},"pageExcerptFont":{"family":"Default","variation":"Default","size":"CT_CSS_SKIP_RULE","line-height":"CT_CSS_SKIP_RULE","letter-spacing":"CT_CSS_SKIP_RULE","text-transform":"CT_CSS_SKIP_RULE","text-decoration":"CT_CSS_SKIP_RULE"},"pageExcerptColor":{"default":{"color":"CT_CSS_SKIP_RULEDEFAULT"}},"breadcrumbsFont":{"family":"Default","variation":"Default","size":"CT_CSS_SKIP_RULE","line-height":"CT_CSS_SKIP_RULE","letter-spacing":"CT_CSS_SKIP_RULE","text-transform":"CT_CSS_SKIP_RULE","text-decoration":"CT_CSS_SKIP_RULE"},"breadcrumbsFontColor":{"default":{"color":"CT_CSS_SKIP_RULEDEFAULT"},"initial":{"color":"CT_CSS_SKIP_RULEDEFAULT"},"hover":{"color":"CT_CSS_SKIP_RULEDEFAULT"}},"acf_field_hero_elements":"","typography":{"family":"Default","variation":"Default","size":"CT_CSS_SKIP_RULE","line-height":"CT_CSS_SKIP_RULE","letter-spacing":"CT_CSS_SKIP_RULE","text-transform":"CT_CSS_SKIP_RULE","text-decoration":"CT_CSS_SKIP_RULE"},"color":{"default":{"color":"CT_CSS_SKIP_RULEDEFAULT"},"hover":{"color":"CT_CSS_SKIP_RULEDEFAULT"}},"metabox_field_hero_elements":"","toolset_field_hero_elements":"","jetengine_field_hero_elements":"","custom_field_hero_elements":"","pageTitleOverlay":{"background_type":"color","background_pattern":"type-1","background_image":{"attachment_id":null,"x":0,"y":0},"gradient":"linear-gradient(135deg,rgba(6,147,227,1) 0%,rgb(155,81,224) 100%)","background_repeat":"repeat","background_size":"auto","background_attachment":"scroll","patternColor":{"default":{"color":"#e5e7ea"}},"overlayColor":{"default":{"color":"CT_CSS_SKIP_RULE"}},"backgroundColor":{"default":{"color":"CT_CSS_SKIP_RULE"}}},"pageTitleBackground":{"background_type":"color","background_pattern":"type-1","background_image":{"attachment_id":null,"x":0,"y":0},"gradient":"linear-gradient(135deg,rgba(6,147,227,1) 0%,rgb(155,81,224) 100%)","background_repeat":"repeat","background_size":"auto","background_attachment":"scroll","patternColor":{"default":{"color":"#e5e7ea"}},"overlayColor":{"default":{"color":"CT_CSS_SKIP_RULE"}},"backgroundColor":{"default":{"color":"var(--paletteColor6)"}}},"pageTitlePadding":{"top":"50px","bottom":"50px","left":"auto","right":"auto","linked":true},"a59872c0d17a59c5d98e8ac8d7447f62":"","page_structure_type":"type-3","236c2793ad558280a76d4c5f27000f0a":"","content_style_source":"inherit","content_style":"wide","vertical_spacing_source":"inherit","content_area_spacing":"both","background":{"background_type":"color","background_pattern":"type-1","background_image":{"attachment_id":null,"x":0,"y":0},"gradient":"linear-gradient(135deg,rgba(6,147,227,1) 0%,rgb(155,81,224) 100%)","background_repeat":"repeat","background_size":"auto","background_attachment":"scroll","patternColor":{"default":{"color":"#e5e7ea"}},"overlayColor":{"default":{"color":"CT_CSS_SKIP_RULE"}},"backgroundColor":{"default":{"color":"CT_CSS_SKIP_RULE"}}},"content_background":{"background_type":"color","background_pattern":"type-1","background_image":{"attachment_id":null,"x":0,"y":0},"gradient":"linear-gradient(135deg,rgba(6,147,227,1) 0%,rgb(155,81,224) 100%)","background_repeat":"repeat","background_size":"auto","background_attachment":"scroll","patternColor":{"default":{"color":"#e5e7ea"}},"overlayColor":{"default":{"color":"CT_CSS_SKIP_RULE"}},"backgroundColor":{"default":{"color":"var(--paletteColor8)"}}},"content_boxed_shadow":{"inherit":false,"blur":18,"spread":-6,"v_offset":12,"h_offset":0,"inset":false,"enable":true,"color":{"color":"rgba(34, 56, 101, 0.04)"}},"content_boxed_border":{"width":1,"style":"none","color":{"color":"rgba(44,62,80,0.2)"}},"content_boxed_radius":{"top":"3px","bottom":"3px","left":"3px","right":"3px","linked":true},"boxed_content_spacing":{"desktop":{"top":"40px","bottom":"40px","left":"40px","right":"40px","linked":true},"tablet":{"top":"35px","bottom":"35px","left":"35px","right":"35px","linked":true},"mobile":{"top":"20px","bottom":"20px","left":"20px","right":"20px","linked":true}},"95c087a26118210fd5acfa3880faad08":"","disable_featured_image":"no","disable_share_box":"no","disable_header":"no","disable_footer":"no","375329476f9d354dd79ebf0946dabc2b":"","header_footer_scripts_panel":"","header_scripts":"","6f3ee73944bbe51da4ae64600075623f":"","header_after_body_scripts":"","d58e86e8cef570da2080fd397e714bfb":"","footer_scripts":"","styles_descriptor":{"styles":{"desktop":"","tablet":"","mobile":""},"google_fonts":[],"version":5}},"_links":{"self":[{"href":"https:\/\/www.durabondcoltd.com\/vi\/wp-json\/wp\/v2\/pages\/1318","targetHints":{"allow":["GET"]}}],"collection":[{"href":"https:\/\/www.durabondcoltd.com\/vi\/wp-json\/wp\/v2\/pages"}],"about":[{"href":"https:\/\/www.durabondcoltd.com\/vi\/wp-json\/wp\/v2\/types\/page"}],"author":[{"embeddable":true,"href":"https:\/\/www.durabondcoltd.com\/vi\/wp-json\/wp\/v2\/users\/1"}],"replies":[{"embeddable":true,"href":"https:\/\/www.durabondcoltd.com\/vi\/wp-json\/wp\/v2\/comments?post=1318"}],"version-history":[{"count":6,"href":"https:\/\/www.durabondcoltd.com\/vi\/wp-json\/wp\/v2\/pages\/1318\/revisions"}],"predecessor-version":[{"id":1426,"href":"https:\/\/www.durabondcoltd.com\/vi\/wp-json\/wp\/v2\/pages\/1318\/revisions\/1426"}],"wp:attachment":[{"href":"https:\/\/www.durabondcoltd.com\/vi\/wp-json\/wp\/v2\/media?parent=1318"}],"curies":[{"name":"wp","href":"https:\/\/api.w.org\/{rel}","templated":true}]}}